{"id":79,"date":"2023-05-31T19:20:22","date_gmt":"2023-05-31T19:20:22","guid":{"rendered":"http:\/\/www.balloo-mount.com\/?page_id=79"},"modified":"2023-11-15T13:30:39","modified_gmt":"2023-11-15T13:30:39","slug":"zamowienie","status":"publish","type":"page","link":"https:\/\/www.balloo-mount.com\/index.php\/zamowienie\/","title":{"rendered":"ZAM\u00d3WIENIE"},"content":{"rendered":"\n<p class=\"has-text-align-center has-medium-font-size\"><strong>Obecnie pracujemy nad uruchomieniem sklepu do zam\u00f3wie\u0144 on-line.<\/strong><\/p>\n\n\n\n<p class=\"has-text-align-center has-small-font-size\">Zanim to nast\u0105pi, zam\u00f3wienia z Polski realizujemy za po\u015brednictwem bezpiecznego serwisu Allegro.<\/p>\n\n\n\n<p><\/p>\n\n\n<div class=\"wp-block-image\">\n<figure class=\"aligncenter size-full\"><a href=\"https:\/\/allegro.pl\/uzytkownik\/awk_balloomount\"><img loading=\"lazy\" decoding=\"async\" width=\"728\" height=\"229\" src=\"https:\/\/www.balloo-mount.com\/wp-content\/uploads\/2023\/05\/allegro.jpg\" alt=\"\" class=\"wp-image-80\" srcset=\"https:\/\/www.balloo-mount.com\/wp-content\/uploads\/2023\/05\/allegro.jpg 728w, https:\/\/www.balloo-mount.com\/wp-content\/uploads\/2023\/05\/allegro-300x94.jpg 300w\" sizes=\"auto, (max-width: 728px) 100vw, 728px\" \/><\/a><\/figure>\n<\/div>\n\n\n<p class=\"has-text-align-center\"><a href=\"https:\/\/allegro.pl\/uzytkownik\/awk_balloomount\" data-type=\"URL\" data-id=\"https:\/\/allegro.pl\/uzytkownik\/awk_balloomount\" target=\"_blank\" rel=\"noreferrer noopener\">https:\/\/allegro.pl\/uzytkownik\/awk_balloomount<\/a><\/p>\n","protected":false},"excerpt":{"rendered":"<p>Obecnie pracujemy nad uruchomieniem sklepu do zam\u00f3wie\u0144 on-line. Zanim to nast\u0105pi, zam\u00f3wienia z Polski realizujemy za po\u015brednictwem bezpiecznego serwisu Allegro. https:\/\/allegro.pl\/uzytkownik\/awk_balloomount<\/p>\n","protected":false},"author":1,"featured_media":0,"parent":0,"menu_order":0,"comment_status":"closed","ping_status":"closed","template":"","meta":{"footnotes":""},"class_list":["post-79","page","type-page","status-publish","hentry"],"_links":{"self":[{"href":"https:\/\/www.balloo-mount.com\/index.php\/wp-json\/wp\/v2\/pages\/79","targetHints":{"allow":["GET"]}}],"collection":[{"href":"https:\/\/www.balloo-mount.com\/index.php\/wp-json\/wp\/v2\/pages"}],"about":[{"href":"https:\/\/www.balloo-mount.com\/index.php\/wp-json\/wp\/v2\/types\/page"}],"author":[{"embeddable":true,"href":"https:\/\/www.balloo-mount.com\/index.php\/wp-json\/wp\/v2\/users\/1"}],"replies":[{"embeddable":true,"href":"https:\/\/www.balloo-mount.com\/index.php\/wp-json\/wp\/v2\/comments?post=79"}],"version-history":[{"count":6,"href":"https:\/\/www.balloo-mount.com\/index.php\/wp-json\/wp\/v2\/pages\/79\/revisions"}],"predecessor-version":[{"id":169,"href":"https:\/\/www.balloo-mount.com\/index.php\/wp-json\/wp\/v2\/pages\/79\/revisions\/169"}],"wp:attachment":[{"href":"https:\/\/www.balloo-mount.com\/index.php\/wp-json\/wp\/v2\/media?parent=79"}],"curies":[{"name":"wp","href":"https:\/\/api.w.org\/{rel}","templated":true}]}}