{"id":68,"date":"2023-05-31T19:03:11","date_gmt":"2023-05-31T19:03:11","guid":{"rendered":"http:\/\/www.balloo-mount.com\/?page_id=68"},"modified":"2023-08-24T11:29:08","modified_gmt":"2023-08-24T11:29:08","slug":"o-nas","status":"publish","type":"page","link":"https:\/\/www.balloo-mount.com\/index.php\/o-nas\/","title":{"rendered":"O NAS"},"content":{"rendered":"\n<p><\/p>\n\n\n\n<p> <\/p>\n\n\n\n<p> <\/p>\n\n\n\n<p><\/p>\n\n\n\n<p><\/p>\n\n\n\n<p><\/p>\n\n\n\n<div class=\"wp-block-columns is-layout-flex wp-container-core-columns-is-layout-9d6595d7 wp-block-columns-is-layout-flex\">\n<div class=\"wp-block-column is-layout-flow wp-block-column-is-layout-flow\">\n<figure class=\"wp-block-image size-large\"><img loading=\"lazy\" decoding=\"async\" width=\"1024\" height=\"576\" src=\"https:\/\/www.balloo-mount.com\/wp-content\/uploads\/2023\/05\/aboutus-1024x576.jpg\" alt=\"\" class=\"wp-image-69\" srcset=\"https:\/\/www.balloo-mount.com\/wp-content\/uploads\/2023\/05\/aboutus-1024x576.jpg 1024w, https:\/\/www.balloo-mount.com\/wp-content\/uploads\/2023\/05\/aboutus-300x169.jpg 300w, https:\/\/www.balloo-mount.com\/wp-content\/uploads\/2023\/05\/aboutus-768x432.jpg 768w, https:\/\/www.balloo-mount.com\/wp-content\/uploads\/2023\/05\/aboutus-1536x864.jpg 1536w, https:\/\/www.balloo-mount.com\/wp-content\/uploads\/2023\/05\/aboutus.jpg 1560w\" sizes=\"auto, (max-width: 1024px) 100vw, 1024px\" \/><\/figure>\n<\/div>\n\n\n\n<div class=\"wp-block-column is-layout-flow wp-block-column-is-layout-flow\">\n<p>Marka Balloo-mount powsta\u0142a z w\u0142asnej potrzeby d\u0105\u017cenia do doskona\u0142o\u015bci. Jeste\u015bmy producentami, projektantami a przede wszystkim pasjonatami w\u0119dkarstwa!<\/p>\n\n\n\n<p>Znajdujemy si\u0119 w Polsce, ale porozumiewamy si\u0119 w kilku j\u0119zykach, wi\u0119c je\u015bli masz pytania, pomys\u0142, lub chcesz podzieli\u0107 si\u0119 opini\u0105, napisz do nas:<\/p>\n\n\n\n<p class=\"has-text-align-center has-medium-font-size\"><a href=\"mailto:info@balloo-mount.com\">info@balloo-mount.com<\/a><\/p>\n\n\n\n<p class=\"has-text-align-right\"><strong>Zesp\u00f3\u0142 <em>Ballo-moun<\/em>t, <\/strong><\/p>\n\n\n\n<p class=\"has-text-align-right\">6<em>0-462 Pozna<\/em>n, <\/p>\n\n\n\n<p class=\"has-text-align-right\"><em>POLAND<\/em><\/p>\n\n\n\n<p class=\"has-text-align-right\"><\/p>\n<\/div>\n<\/div>\n","protected":false},"excerpt":{"rendered":"<p>Marka Balloo-mount powsta\u0142a z w\u0142asnej potrzeby d\u0105\u017cenia do doskona\u0142o\u015bci. Jeste\u015bmy producentami, projektantami a przede wszystkim pasjonatami w\u0119dkarstwa! Znajdujemy si\u0119 w Polsce, ale porozumiewamy si\u0119 w kilku j\u0119zykach, wi\u0119c je\u015bli masz &#8230;<\/p>\n","protected":false},"author":1,"featured_media":0,"parent":0,"menu_order":0,"comment_status":"closed","ping_status":"closed","template":"","meta":{"footnotes":""},"class_list":["post-68","page","type-page","status-publish","hentry"],"_links":{"self":[{"href":"https:\/\/www.balloo-mount.com\/index.php\/wp-json\/wp\/v2\/pages\/68","targetHints":{"allow":["GET"]}}],"collection":[{"href":"https:\/\/www.balloo-mount.com\/index.php\/wp-json\/wp\/v2\/pages"}],"about":[{"href":"https:\/\/www.balloo-mount.com\/index.php\/wp-json\/wp\/v2\/types\/page"}],"author":[{"embeddable":true,"href":"https:\/\/www.balloo-mount.com\/index.php\/wp-json\/wp\/v2\/users\/1"}],"replies":[{"embeddable":true,"href":"https:\/\/www.balloo-mount.com\/index.php\/wp-json\/wp\/v2\/comments?post=68"}],"version-history":[{"count":9,"href":"https:\/\/www.balloo-mount.com\/index.php\/wp-json\/wp\/v2\/pages\/68\/revisions"}],"predecessor-version":[{"id":248,"href":"https:\/\/www.balloo-mount.com\/index.php\/wp-json\/wp\/v2\/pages\/68\/revisions\/248"}],"wp:attachment":[{"href":"https:\/\/www.balloo-mount.com\/index.php\/wp-json\/wp\/v2\/media?parent=68"}],"curies":[{"name":"wp","href":"https:\/\/api.w.org\/{rel}","templated":true}]}}