{"id":58,"date":"2023-05-31T18:42:01","date_gmt":"2023-05-31T18:42:01","guid":{"rendered":"http:\/\/www.balloo-mount.com\/?page_id=58"},"modified":"2023-11-15T13:43:18","modified_gmt":"2023-11-15T13:43:18","slug":"home","status":"publish","type":"page","link":"https:\/\/www.balloo-mount.com\/","title":{"rendered":"HOME"},"content":{"rendered":"\n<div class=\"wp-block-columns is-layout-flex wp-container-core-columns-is-layout-9d6595d7 wp-block-columns-is-layout-flex\">\n<div class=\"wp-block-column is-layout-flow wp-block-column-is-layout-flow\">\n<p class=\"has-text-align-center has-medium-font-size\"><strong>Innowacyjne sztyce mocowania przetwornika echosondy.<\/strong><\/p>\n\n\n\n<p><\/p>\n\n\n\n<p class=\"has-text-align-center has-medium-font-size\">Rozwi\u0144 swoje mo\u017cliwo\u015bci w\u0119dkarskie z mocowaniem Balloo-mount! Dzi\u0119ki naszemu mocowaniu, w\u0119dkowanie staje si\u0119 bardziej precyzyjne i efektywne ni\u017c kiedykolwiek wcze\u015bniej.<\/p>\n<\/div>\n<\/div>\n\n\n\n<div class=\"wp-block-columns is-layout-flex wp-container-core-columns-is-layout-9d6595d7 wp-block-columns-is-layout-flex\">\n<div class=\"wp-block-column is-vertically-aligned-center is-layout-flow wp-block-column-is-layout-flow\"><div class=\"wp-block-image\">\n<figure class=\"alignright size-full is-resized\"><img loading=\"lazy\" decoding=\"async\" src=\"https:\/\/www.balloo-mount.com\/wp-content\/uploads\/2023\/05\/ballo0.jpg\" alt=\"\" class=\"wp-image-31\" style=\"width:264px;height:491px\" width=\"264\" height=\"491\" srcset=\"https:\/\/www.balloo-mount.com\/wp-content\/uploads\/2023\/05\/ballo0.jpg 497w, https:\/\/www.balloo-mount.com\/wp-content\/uploads\/2023\/05\/ballo0-162x300.jpg 162w\" sizes=\"auto, (max-width: 264px) 100vw, 264px\" \/><\/figure>\n<\/div><\/div>\n\n\n\n<div class=\"wp-block-column is-vertically-aligned-center is-layout-flow wp-block-column-is-layout-flow\"><div class=\"wp-block-image\">\n<figure class=\"alignleft size-full is-resized\"><img loading=\"lazy\" decoding=\"async\" src=\"https:\/\/www.balloo-mount.com\/wp-content\/uploads\/2023\/08\/small2.jpg\" alt=\"\" class=\"wp-image-178\" style=\"width:411px;height:343px\" width=\"411\" height=\"343\" srcset=\"https:\/\/www.balloo-mount.com\/wp-content\/uploads\/2023\/08\/small2.jpg 562w, https:\/\/www.balloo-mount.com\/wp-content\/uploads\/2023\/08\/small2-300x250.jpg 300w\" sizes=\"auto, (max-width: 411px) 100vw, 411px\" \/><\/figure>\n<\/div><\/div>\n<\/div>\n","protected":false},"excerpt":{"rendered":"<p>Innowacyjne sztyce mocowania przetwornika echosondy. Rozwi\u0144 swoje mo\u017cliwo\u015bci w\u0119dkarskie z mocowaniem Balloo-mount! Dzi\u0119ki naszemu mocowaniu, w\u0119dkowanie staje si\u0119 bardziej precyzyjne i efektywne ni\u017c kiedykolwiek wcze\u015bniej.<\/p>\n","protected":false},"author":1,"featured_media":0,"parent":0,"menu_order":0,"comment_status":"closed","ping_status":"closed","template":"","meta":{"footnotes":""},"class_list":["post-58","page","type-page","status-publish","hentry"],"_links":{"self":[{"href":"https:\/\/www.balloo-mount.com\/index.php\/wp-json\/wp\/v2\/pages\/58","targetHints":{"allow":["GET"]}}],"collection":[{"href":"https:\/\/www.balloo-mount.com\/index.php\/wp-json\/wp\/v2\/pages"}],"about":[{"href":"https:\/\/www.balloo-mount.com\/index.php\/wp-json\/wp\/v2\/types\/page"}],"author":[{"embeddable":true,"href":"https:\/\/www.balloo-mount.com\/index.php\/wp-json\/wp\/v2\/users\/1"}],"replies":[{"embeddable":true,"href":"https:\/\/www.balloo-mount.com\/index.php\/wp-json\/wp\/v2\/comments?post=58"}],"version-history":[{"count":10,"href":"https:\/\/www.balloo-mount.com\/index.php\/wp-json\/wp\/v2\/pages\/58\/revisions"}],"predecessor-version":[{"id":257,"href":"https:\/\/www.balloo-mount.com\/index.php\/wp-json\/wp\/v2\/pages\/58\/revisions\/257"}],"wp:attachment":[{"href":"https:\/\/www.balloo-mount.com\/index.php\/wp-json\/wp\/v2\/media?parent=58"}],"curies":[{"name":"wp","href":"https:\/\/api.w.org\/{rel}","templated":true}]}}