{"id":30,"date":"2023-05-31T18:19:18","date_gmt":"2023-05-31T18:19:18","guid":{"rendered":"http:\/\/www.balloo-mount.com\/?page_id=30"},"modified":"2023-08-24T10:23:18","modified_gmt":"2023-08-24T10:23:18","slug":"balloo-mount","status":"publish","type":"page","link":"https:\/\/www.balloo-mount.com\/index.php\/balloo-mount\/","title":{"rendered":"BM-60-40HD"},"content":{"rendered":"\n<p class=\"has-medium-font-size\"><strong>Rewolucyjna sztyca, mocowania przetwornika echosondy, dedykowana do ponton\u00f3w.<\/strong><\/p>\n\n\n\n<div class=\"wp-block-columns is-layout-flex wp-container-core-columns-is-layout-9d6595d7 wp-block-columns-is-layout-flex\">\n<div class=\"wp-block-column is-layout-flow wp-block-column-is-layout-flow\" style=\"flex-basis:33.33%\">\n<figure class=\"wp-block-image size-full is-resized\"><img loading=\"lazy\" decoding=\"async\" src=\"https:\/\/www.balloo-mount.com\/wp-content\/uploads\/2023\/05\/ballo0.jpg\" alt=\"Balloo-mount\" class=\"wp-image-31\" style=\"width:257px;height:477px\" width=\"257\" height=\"477\" srcset=\"https:\/\/www.balloo-mount.com\/wp-content\/uploads\/2023\/05\/ballo0.jpg 497w, https:\/\/www.balloo-mount.com\/wp-content\/uploads\/2023\/05\/ballo0-162x300.jpg 162w\" sizes=\"auto, (max-width: 257px) 100vw, 257px\" \/><\/figure>\n<\/div>\n\n\n\n<div class=\"wp-block-column is-layout-flow wp-block-column-is-layout-flow\" style=\"flex-basis:66.66%\">\n<p>Rozwi\u0144 swoje mo\u017cliwo\u015bci w\u0119dkarskie z naszym innowacyjnym uchwytem przetwornika echosondy! Dzi\u0119ki naszemu mocowaniu, w\u0119dkowanie staje si\u0119 bardziej precyzyjne i efektywne ni\u017c kiedykolwiek wcze\u015bniej.<\/p>\n\n\n\n<p><strong>Specyfikacja:<\/strong><\/p>\n\n\n\n<ul class=\"wp-block-list\">\n<li>D\u0142ugo\u015b\u0107 ca\u0142kowita sztycy: 60 cm, \u015brednica fi 16mm, aluminium anodowane,<\/li>\n\n\n\n<li>Mocowanie do burt: o \u015brednicy p\u0142ywaka ok 40-47cm, za pomoc\u0105 pasa 35mm z klamr\u0105, (mocowanie dla burt o \u015brednicy 48-53cm dost\u0119pne na \u017cyczenie)<\/li>\n\n\n\n<li>Regulacja d\u0142ugo\u015bci sztycy poni\u017cej mocowania od osi: min-max: 16-50cm,<\/li>\n\n\n\n<li>Regulacja odchylenia w pionie: +\/- 40 stopni,<\/li>\n\n\n\n<li>Obracanie wok\u00f3\u0142 osi: Tak, z blokad\u0105 &#8222;na wprost&#8221;, 360+ stopni (ograniczone przewodem),<\/li>\n\n\n\n<li>Przesuw w pionie: Tak, z blokad\u0105,<\/li>\n\n\n\n<li>Wykonany z materia\u0142\u00f3w odpornych na warunki atmosferyczne (temperatur\u0119, wod\u0119, UV, korozj\u0119),<\/li>\n\n\n\n<li>Uchwyt przetwornika umo\u017cliwia instalacj\u0119 na ko\u0144c\u00f3wkach burty pontonu, zar\u00f3wno na zewn\u0105trz jak i wewn\u0105trz od strony paw\u0119\u017cy.<\/li>\n<\/ul>\n<\/div>\n<\/div>\n\n\n\n<div class=\"wp-block-columns is-layout-flex wp-container-core-columns-is-layout-9d6595d7 wp-block-columns-is-layout-flex\">\n<div class=\"wp-block-column is-layout-flow wp-block-column-is-layout-flow\">\n<p><\/p>\n\n\n\n<p><\/p>\n\n\n\n<figure class=\"wp-block-image size-full\"><img loading=\"lazy\" decoding=\"async\" width=\"1008\" height=\"567\" src=\"https:\/\/www.balloo-mount.com\/wp-content\/uploads\/2023\/05\/ballo3.jpg\" alt=\"Balloo-mount\" class=\"wp-image-34\" srcset=\"https:\/\/www.balloo-mount.com\/wp-content\/uploads\/2023\/05\/ballo3.jpg 1008w, https:\/\/www.balloo-mount.com\/wp-content\/uploads\/2023\/05\/ballo3-300x169.jpg 300w, https:\/\/www.balloo-mount.com\/wp-content\/uploads\/2023\/05\/ballo3-768x432.jpg 768w\" sizes=\"auto, (max-width: 1008px) 100vw, 1008px\" \/><\/figure>\n<\/div>\n\n\n\n<div class=\"wp-block-column is-layout-flow wp-block-column-is-layout-flow\">\n<figure class=\"wp-block-image size-full\"><img loading=\"lazy\" decoding=\"async\" width=\"735\" height=\"788\" src=\"https:\/\/www.balloo-mount.com\/wp-content\/uploads\/2023\/05\/ballo2.jpg\" alt=\"Balloo-mount\" class=\"wp-image-33\" srcset=\"https:\/\/www.balloo-mount.com\/wp-content\/uploads\/2023\/05\/ballo2.jpg 735w, https:\/\/www.balloo-mount.com\/wp-content\/uploads\/2023\/05\/ballo2-280x300.jpg 280w\" sizes=\"auto, (max-width: 735px) 100vw, 735px\" \/><\/figure>\n<\/div>\n<\/div>\n\n\n\n<p>Zaprojektowany tak aby m\u00f3c dopasowa\u0107 po\u0142o\u017cenie mocowania w niemal dowolnym miejscu na obwodzie wystaj\u0105cej ko\u0144c\u00f3wki burty.<\/p>\n\n\n\n<p><em><strong>Podpowied\u017a:<\/strong>&nbsp;Aby w pe\u0142ni wykorzysta\u0107 moc pasa, zalecamy zaci\u0105ga\u0107 go na nie w pe\u0142ni napompowanej burcie &#8211; a w nast\u0119pnej kolejno\u015bci j\u0105 dopompowa\u0107.<\/em><\/p>\n\n\n\n<div class=\"wp-block-columns is-layout-flex wp-container-core-columns-is-layout-9d6595d7 wp-block-columns-is-layout-flex\">\n<div class=\"wp-block-column is-layout-flow wp-block-column-is-layout-flow\">\n<p><\/p>\n\n\n\n<p>Uchwyt Balloo-mount zosta\u0142 zaprojektowany z my\u015bl\u0105 o w\u0119dkarzach, kt\u00f3rzy pragn\u0105 pozna\u0107 sekrety podwodnego \u015bwiata i znale\u017a\u0107 najbardziej obiecuj\u0105ce miejsca na \u0142owienie. Mo\u017cliwo\u015b\u0107 zamontowania go na zewn\u0105trz lub od wewn\u0105trz ko\u0144c\u00f3wek burt pontonu daje Ci elastyczno\u015b\u0107 w dostosowaniu uchwytu do Twoich preferencji i typu pontonu, jakiego u\u017cywasz.<\/p>\n<\/div>\n\n\n\n<div class=\"wp-block-column is-layout-flow wp-block-column-is-layout-flow\">\n<figure class=\"wp-block-image size-full\"><img loading=\"lazy\" decoding=\"async\" width=\"1008\" height=\"567\" src=\"https:\/\/www.balloo-mount.com\/wp-content\/uploads\/2023\/05\/ballo1.jpg\" alt=\"Balloo-mount\" class=\"wp-image-32\" srcset=\"https:\/\/www.balloo-mount.com\/wp-content\/uploads\/2023\/05\/ballo1.jpg 1008w, https:\/\/www.balloo-mount.com\/wp-content\/uploads\/2023\/05\/ballo1-300x169.jpg 300w, https:\/\/www.balloo-mount.com\/wp-content\/uploads\/2023\/05\/ballo1-768x432.jpg 768w\" sizes=\"auto, (max-width: 1008px) 100vw, 1008px\" \/><\/figure>\n<\/div>\n<\/div>\n\n\n\n<p>Uchwyt umo\u017cliwia precyzyjne ustawienie przetwornika w odpowiednim k\u0105cie, co pozwala na optymalne skanowanie dna wodnego. Dodatkowo, dzi\u0119ki funkcji obracania przetwornika, masz kontrol\u0119 nad kierunkiem skanowania, co jest niezwykle przydatne podczas skanowania bocznego. Mo\u017cesz z \u0142atwo\u015bci\u0105 manipulowa\u0107 g\u0142\u0119boko\u015bci\u0105 zanurzenia przetwornika, podnosz\u0105c go lub opuszczaj\u0105c, aby dostosowa\u0107 si\u0119 do zmieniaj\u0105cych si\u0119 warunk\u00f3w i zanurzenia.<\/p>\n\n\n\n<div class=\"wp-block-columns is-layout-flex wp-container-core-columns-is-layout-9d6595d7 wp-block-columns-is-layout-flex\">\n<div class=\"wp-block-column is-vertically-aligned-center is-layout-flow wp-block-column-is-layout-flow\" style=\"flex-basis:33.33%\"><div class=\"wp-block-image\">\n<figure class=\"aligncenter size-full is-resized\"><img loading=\"lazy\" decoding=\"async\" src=\"https:\/\/www.balloo-mount.com\/wp-content\/uploads\/2023\/05\/ballo9.jpg\" alt=\"Balloo-mount\" class=\"wp-image-35\" style=\"width:225px;height:390px\" width=\"225\" height=\"390\" srcset=\"https:\/\/www.balloo-mount.com\/wp-content\/uploads\/2023\/05\/ballo9.jpg 472w, https:\/\/www.balloo-mount.com\/wp-content\/uploads\/2023\/05\/ballo9-173x300.jpg 173w\" sizes=\"auto, (max-width: 225px) 100vw, 225px\" \/><\/figure>\n<\/div><\/div>\n\n\n\n<div class=\"wp-block-column is-vertically-aligned-center is-layout-flow wp-block-column-is-layout-flow\" style=\"flex-basis:66.66%\"><div class=\"wp-block-image\">\n<figure class=\"alignleft size-full is-resized\"><img loading=\"lazy\" decoding=\"async\" src=\"https:\/\/www.balloo-mount.com\/wp-content\/uploads\/2023\/05\/ballo4.jpg\" alt=\"Balloo-mount\" class=\"wp-image-36\" style=\"width:570px;height:271px\" width=\"570\" height=\"271\" srcset=\"https:\/\/www.balloo-mount.com\/wp-content\/uploads\/2023\/05\/ballo4.jpg 1007w, https:\/\/www.balloo-mount.com\/wp-content\/uploads\/2023\/05\/ballo4-300x143.jpg 300w, https:\/\/www.balloo-mount.com\/wp-content\/uploads\/2023\/05\/ballo4-768x365.jpg 768w\" sizes=\"auto, (max-width: 570px) 100vw, 570px\" \/><\/figure>\n<\/div><\/div>\n<\/div>\n\n\n\n<div class=\"wp-block-columns is-layout-flex wp-container-core-columns-is-layout-9d6595d7 wp-block-columns-is-layout-flex\">\n<div class=\"wp-block-column is-vertically-aligned-center is-layout-flow wp-block-column-is-layout-flow\" style=\"flex-basis:33.33%\">\n<p>Balloo-mount osiada te\u017c blokad\u0119, kt\u00f3ra jednoznacznie wskazuje ustawienie przetwornika w pozycji &#8222;na wprost&#8221;. Po zwolnieniu blokady ca\u0142a sztyca staje si\u0119 nie tylko obrotowa ale te\u017c suwliwa w kierunku do g\u00f3ry co umo\u017cliwia wynurzenie przetwornika np. na p\u0142yci\u017anie lub w \u015blizgu.<\/p>\n<\/div>\n\n\n\n<div class=\"wp-block-column is-layout-flow wp-block-column-is-layout-flow\" style=\"flex-basis:66.66%\">\n<figure class=\"wp-block-image size-full\"><img loading=\"lazy\" decoding=\"async\" width=\"805\" height=\"717\" src=\"https:\/\/www.balloo-mount.com\/wp-content\/uploads\/2023\/05\/ballo5.jpg\" alt=\"Balloo-mount\" class=\"wp-image-37\" srcset=\"https:\/\/www.balloo-mount.com\/wp-content\/uploads\/2023\/05\/ballo5.jpg 805w, https:\/\/www.balloo-mount.com\/wp-content\/uploads\/2023\/05\/ballo5-300x267.jpg 300w, https:\/\/www.balloo-mount.com\/wp-content\/uploads\/2023\/05\/ballo5-768x684.jpg 768w\" sizes=\"auto, (max-width: 805px) 100vw, 805px\" \/><\/figure>\n<\/div>\n<\/div>\n\n\n\n<p>Balloo-mount to solidna konstrukcja, kt\u00f3ra gwarantuje niezawodne i stabilne zamocowanie przetwornika do pontonu. Teraz mo\u017cesz skupi\u0107 si\u0119 na odkrywaniu ukrytych struktur dna, lokalizowaniu po\u0142ow\u00f3w i odkrywaniu najlepszych miejsc na w\u0119dkowanie. Osi\u0105gnij w\u0119dkarskie mistrzostwo z naszym niezawodnym i wszechstronnym mocowaniem.<\/p>\n\n\n\n<figure class=\"wp-block-image size-large\"><img loading=\"lazy\" decoding=\"async\" width=\"1024\" height=\"312\" src=\"https:\/\/www.balloo-mount.com\/wp-content\/uploads\/2023\/05\/ballo6-1024x312.jpg\" alt=\"Balloo-mount\" class=\"wp-image-38\" srcset=\"https:\/\/www.balloo-mount.com\/wp-content\/uploads\/2023\/05\/ballo6-1024x312.jpg 1024w, https:\/\/www.balloo-mount.com\/wp-content\/uploads\/2023\/05\/ballo6-300x91.jpg 300w, https:\/\/www.balloo-mount.com\/wp-content\/uploads\/2023\/05\/ballo6-768x234.jpg 768w, https:\/\/www.balloo-mount.com\/wp-content\/uploads\/2023\/05\/ballo6.jpg 1476w\" sizes=\"auto, (max-width: 1024px) 100vw, 1024px\" \/><\/figure>\n\n\n\n<div class=\"wp-block-columns is-layout-flex wp-container-core-columns-is-layout-9d6595d7 wp-block-columns-is-layout-flex\">\n<div class=\"wp-block-column is-layout-flow wp-block-column-is-layout-flow\">\n<p><strong>W komplecie:<\/strong><\/p>\n\n\n\n<ul class=\"wp-block-list\">\n<li>sztyca regulowana z mocowaniem na ponton<\/li>\n\n\n\n<li>pier\u015bcie\u0144 dystansuj\u0105cy na sztycy do zmiany wysoko\u015bci<\/li>\n\n\n\n<li>blok mocowania przetwornika na ko\u0144c\u00f3wce sztycy (pasuje pod Garmin oraz inne)<\/li>\n\n\n\n<li>pas mocuj\u0105cy 35mm<\/li>\n\n\n\n<li>zestaw \u015brub nierdzewnych<\/li>\n<\/ul>\n\n\n\n<p><strong>Uwaga:<\/strong>&nbsp;widoczny na zdj\u0119ciach ponton oraz jego elementy wyposa\u017cenia (tj., silnik, uchwyty w\u0119dek itp.), jak r\u00f3wnie\u017c przetwornik echosondy, s\u0142u\u017c\u0105 wy\u0142\u0105cznie prezentacji produktu i nie wchodz\u0105 w sk\u0142ad zestawu.<\/p>\n<\/div>\n\n\n\n<div class=\"wp-block-column is-layout-flow wp-block-column-is-layout-flow\">\n<figure class=\"wp-block-image size-full\"><img loading=\"lazy\" decoding=\"async\" width=\"807\" height=\"681\" src=\"https:\/\/www.balloo-mount.com\/wp-content\/uploads\/2023\/05\/ballo8.jpg\" alt=\"Balloo-mount\" class=\"wp-image-39\" srcset=\"https:\/\/www.balloo-mount.com\/wp-content\/uploads\/2023\/05\/ballo8.jpg 807w, https:\/\/www.balloo-mount.com\/wp-content\/uploads\/2023\/05\/ballo8-300x253.jpg 300w, https:\/\/www.balloo-mount.com\/wp-content\/uploads\/2023\/05\/ballo8-768x648.jpg 768w\" sizes=\"auto, (max-width: 807px) 100vw, 807px\" \/><\/figure>\n<\/div>\n<\/div>\n\n\n\n<figure class=\"wp-block-image size-large\"><img loading=\"lazy\" decoding=\"async\" width=\"1024\" height=\"434\" src=\"https:\/\/www.balloo-mount.com\/wp-content\/uploads\/2023\/05\/ballo7-1024x434.jpg\" alt=\"\" class=\"wp-image-40\" srcset=\"https:\/\/www.balloo-mount.com\/wp-content\/uploads\/2023\/05\/ballo7-1024x434.jpg 1024w, https:\/\/www.balloo-mount.com\/wp-content\/uploads\/2023\/05\/ballo7-300x127.jpg 300w, https:\/\/www.balloo-mount.com\/wp-content\/uploads\/2023\/05\/ballo7-768x326.jpg 768w, https:\/\/www.balloo-mount.com\/wp-content\/uploads\/2023\/05\/ballo7-1536x652.jpg 1536w, https:\/\/www.balloo-mount.com\/wp-content\/uploads\/2023\/05\/ballo7.jpg 1695w\" sizes=\"auto, (max-width: 1024px) 100vw, 1024px\" \/><\/figure>\n","protected":false},"excerpt":{"rendered":"<p>Rewolucyjna sztyca, mocowania przetwornika echosondy, dedykowana do ponton\u00f3w. Rozwi\u0144 swoje mo\u017cliwo\u015bci w\u0119dkarskie z naszym innowacyjnym uchwytem przetwornika echosondy! Dzi\u0119ki naszemu mocowaniu, w\u0119dkowanie staje si\u0119 bardziej precyzyjne i efektywne ni\u017c kiedykolwiek &#8230;<\/p>\n","protected":false},"author":1,"featured_media":0,"parent":0,"menu_order":0,"comment_status":"closed","ping_status":"closed","template":"","meta":{"footnotes":""},"class_list":["post-30","page","type-page","status-publish","hentry"],"_links":{"self":[{"href":"https:\/\/www.balloo-mount.com\/index.php\/wp-json\/wp\/v2\/pages\/30","targetHints":{"allow":["GET"]}}],"collection":[{"href":"https:\/\/www.balloo-mount.com\/index.php\/wp-json\/wp\/v2\/pages"}],"about":[{"href":"https:\/\/www.balloo-mount.com\/index.php\/wp-json\/wp\/v2\/types\/page"}],"author":[{"embeddable":true,"href":"https:\/\/www.balloo-mount.com\/index.php\/wp-json\/wp\/v2\/users\/1"}],"replies":[{"embeddable":true,"href":"https:\/\/www.balloo-mount.com\/index.php\/wp-json\/wp\/v2\/comments?post=30"}],"version-history":[{"count":12,"href":"https:\/\/www.balloo-mount.com\/index.php\/wp-json\/wp\/v2\/pages\/30\/revisions"}],"predecessor-version":[{"id":243,"href":"https:\/\/www.balloo-mount.com\/index.php\/wp-json\/wp\/v2\/pages\/30\/revisions\/243"}],"wp:attachment":[{"href":"https:\/\/www.balloo-mount.com\/index.php\/wp-json\/wp\/v2\/media?parent=30"}],"curies":[{"name":"wp","href":"https:\/\/api.w.org\/{rel}","templated":true}]}}