{"id":177,"date":"2023-08-20T18:00:40","date_gmt":"2023-08-20T18:00:40","guid":{"rendered":"https:\/\/www.balloo-mount.com\/?page_id=177"},"modified":"2023-08-24T10:22:32","modified_gmt":"2023-08-24T10:22:32","slug":"balloo-mount-aero","status":"publish","type":"page","link":"https:\/\/www.balloo-mount.com\/index.php\/balloo-mount-aero\/","title":{"rendered":"BALLOO-MOUNT Aero"},"content":{"rendered":"\n<p class=\"has-medium-font-size\"><strong>Op\u0142ywowy uchwyt mocowania przetwornika echosondy, dedykowany do ponton\u00f3w.<\/strong><\/p>\n\n\n\n<div class=\"wp-block-columns is-layout-flex wp-container-core-columns-is-layout-9d6595d7 wp-block-columns-is-layout-flex\">\n<div class=\"wp-block-column is-layout-flow wp-block-column-is-layout-flow\" style=\"flex-basis:50%\">\n<p>Nasz uchwyt do przetwornika echosondy zosta\u0142 zaprojektowany, aby sprosta\u0107 wymaganiom tych, kt\u00f3rzy potrzebuj\u0105 niezawodnego i stabilnego mocowania podczas swoich wypraw.<\/p>\n\n\n\n<div class=\"wp-block-columns is-layout-flex wp-container-core-columns-is-layout-9d6595d7 wp-block-columns-is-layout-flex\">\n<div class=\"wp-block-column is-layout-flow wp-block-column-is-layout-flow\" style=\"flex-basis:100%\">\n<p><strong>Specyfikacja:<\/strong><\/p>\n<\/div>\n<\/div>\n\n\n\n<ul class=\"wp-block-list\">\n<li>Mocowanie do burt: o \u015brednicy p\u0142ywaka ok 40-47cm, za pomoc\u0105 pasa 35mm z klamr\u0105, (mocowanie dla burt o \u015brednicy 48-53cm dost\u0119pne na \u017cyczenie)<\/li>\n\n\n\n<li>Regulacja odchylenia w pionie: 90 stopni,<\/li>\n\n\n\n<li>Wykonany z materia\u0142\u00f3w odpornych na warunki atmosferyczne (temperatur\u0119, wod\u0119, UV, korozj\u0119),<\/li>\n\n\n\n<li>Uchwyt przetwornika umo\u017cliwia instalacj\u0119 na ko\u0144c\u00f3wkach burty pontonu, zar\u00f3wno na zewn\u0105trz jak i wewn\u0105trz od strony paw\u0119\u017cy.<\/li>\n<\/ul>\n<\/div>\n\n\n\n<div class=\"wp-block-column is-layout-flow wp-block-column-is-layout-flow\" style=\"flex-basis:50%\">\n<figure class=\"wp-block-image size-full is-resized\"><img loading=\"lazy\" decoding=\"async\" src=\"https:\/\/www.balloo-mount.com\/wp-content\/uploads\/2023\/08\/small2.jpg\" alt=\"Balloo-mount\" class=\"wp-image-178\" style=\"width:453px;height:378px\" width=\"453\" height=\"378\" srcset=\"https:\/\/www.balloo-mount.com\/wp-content\/uploads\/2023\/08\/small2.jpg 562w, https:\/\/www.balloo-mount.com\/wp-content\/uploads\/2023\/08\/small2-300x250.jpg 300w\" sizes=\"auto, (max-width: 453px) 100vw, 453px\" \/><\/figure>\n<\/div>\n<\/div>\n\n\n\n<p><strong>Minimalizacja Oporu Wody:<\/strong> Zaprojektowali\u015bmy element mocowania tak, aby minimalizowa\u0107 op\u00f3r wody, pozwalaj\u0105c na sprawne badanie podwodnych struktur. Teraz mo\u017cesz skupi\u0107 si\u0119 na odkrywaniu, zamiast przejmowa\u0107 si\u0119 oporem wody.<\/p>\n\n\n\n<figure class=\"wp-block-image size-full\"><img loading=\"lazy\" decoding=\"async\" width=\"988\" height=\"602\" src=\"https:\/\/www.balloo-mount.com\/wp-content\/uploads\/2023\/08\/small1.jpg\" alt=\"Balloo-mount\" class=\"wp-image-179\" srcset=\"https:\/\/www.balloo-mount.com\/wp-content\/uploads\/2023\/08\/small1.jpg 988w, https:\/\/www.balloo-mount.com\/wp-content\/uploads\/2023\/08\/small1-300x183.jpg 300w, https:\/\/www.balloo-mount.com\/wp-content\/uploads\/2023\/08\/small1-768x468.jpg 768w\" sizes=\"auto, (max-width: 988px) 100vw, 988px\" \/><\/figure>\n\n\n\n<div class=\"wp-block-columns are-vertically-aligned-center is-layout-flex wp-container-core-columns-is-layout-9d6595d7 wp-block-columns-is-layout-flex\">\n<div class=\"wp-block-column is-vertically-aligned-center is-layout-flow wp-block-column-is-layout-flow\" style=\"flex-basis:50%\">\n<p class=\"has-text-align-left\"><strong>Dostosowanie Do Warunk\u00f3w:<\/strong> Nasz uchwyt umo\u017cliwia odchylenie przetwornika, co pozwala dostosowa\u0107 si\u0119 do r\u00f3\u017cnych g\u0142\u0119boko\u015bci wody. To elastyczno\u015b\u0107, kt\u00f3r\u0105 potrzebujesz w przypadku p\u0142ycizn.<\/p>\n<\/div>\n\n\n\n<div class=\"wp-block-column is-vertically-aligned-center is-layout-flow wp-block-column-is-layout-flow\" style=\"flex-basis:50%\">\n<figure class=\"wp-block-image size-full is-resized\"><img loading=\"lazy\" decoding=\"async\" src=\"https:\/\/www.balloo-mount.com\/wp-content\/uploads\/2023\/08\/small3.jpg\" alt=\"Balloo-mount\" class=\"wp-image-180\" style=\"width:423px;height:465px\" width=\"423\" height=\"465\" srcset=\"https:\/\/www.balloo-mount.com\/wp-content\/uploads\/2023\/08\/small3.jpg 687w, https:\/\/www.balloo-mount.com\/wp-content\/uploads\/2023\/08\/small3-273x300.jpg 273w\" sizes=\"auto, (max-width: 423px) 100vw, 423px\" \/><\/figure>\n<\/div>\n<\/div>\n\n\n\n<p><strong>Monta\u017c W Twoim Stylu:<\/strong> Nasz uchwyt mo\u017cna zamontowa\u0107 zar\u00f3wno na zewn\u0105trz, jak i od strony paw\u0119\u017cy. Ty decydujesz!<\/p>\n\n\n\n<div class=\"wp-block-columns is-layout-flex wp-container-core-columns-is-layout-9d6595d7 wp-block-columns-is-layout-flex\">\n<div class=\"wp-block-column is-layout-flow wp-block-column-is-layout-flow\" style=\"flex-basis:50%\"><div class=\"wp-block-image\">\n<figure class=\"alignright size-full is-resized\"><img loading=\"lazy\" decoding=\"async\" src=\"https:\/\/www.balloo-mount.com\/wp-content\/uploads\/2023\/08\/small4.jpg\" alt=\"Balloo-mount\" class=\"wp-image-181\" style=\"width:291px;height:403px\" width=\"291\" height=\"403\" srcset=\"https:\/\/www.balloo-mount.com\/wp-content\/uploads\/2023\/08\/small4.jpg 403w, https:\/\/www.balloo-mount.com\/wp-content\/uploads\/2023\/08\/small4-217x300.jpg 217w\" sizes=\"auto, (max-width: 291px) 100vw, 291px\" \/><\/figure>\n<\/div><\/div>\n\n\n\n<div class=\"wp-block-column is-vertically-aligned-center is-layout-flow wp-block-column-is-layout-flow\" style=\"flex-basis:50%\">\n<p><strong>Solidne Mocowanie:<\/strong> Dzi\u0119ki szerokiemu pasowi zaciskowemu, nasz uchwyt zapewnia pewne i trwa\u0142e mocowanie przetwornika echosondy, bez wzgl\u0119du na jego rozmiar. To oznacza dok\u0142adne i powtarzalne wyniki pomiar\u00f3w w r\u00f3\u017cnych warunkach.<\/p>\n\n\n\n<p><em><strong>Podpowied\u017a:<\/strong>&nbsp;Aby w pe\u0142ni wykorzysta\u0107 moc pasa, zalecamy zaci\u0105ga\u0107 go na nie w pe\u0142ni napompowanej burcie \u2013 a w nast\u0119pnej kolejno\u015bci j\u0105 dopompowa\u0107.<\/em><\/p>\n<\/div>\n<\/div>\n\n\n\n<p><\/p>\n\n\n\n<p><strong>Wszechstronno\u015b\u0107 Mocowania:<\/strong> Uniwersalna baza mocowania to kolejna zaleta naszego produktu. Nie tylko trzyma przetwornik echosondy, ale tak\u017ce umo\u017cliwia przezbrojenie dla innych naszych akcesori\u00f3w, co zwi\u0119ksza funkcjonalno\u015b\u0107 Twojego sprz\u0119tu.<\/p>\n\n\n<div class=\"wp-block-image\">\n<figure class=\"aligncenter size-full\"><img loading=\"lazy\" decoding=\"async\" width=\"820\" height=\"485\" src=\"https:\/\/www.balloo-mount.com\/wp-content\/uploads\/2023\/08\/small5.jpg\" alt=\"Balloo-mount\" class=\"wp-image-182\" srcset=\"https:\/\/www.balloo-mount.com\/wp-content\/uploads\/2023\/08\/small5.jpg 820w, https:\/\/www.balloo-mount.com\/wp-content\/uploads\/2023\/08\/small5-300x177.jpg 300w, https:\/\/www.balloo-mount.com\/wp-content\/uploads\/2023\/08\/small5-768x454.jpg 768w\" sizes=\"auto, (max-width: 820px) 100vw, 820px\" \/><\/figure>\n<\/div>\n\n\n<p>Balloo-mount to solidna konstrukcja, kt\u00f3ra gwarantuje niezawodne i stabilne zamocowanie przetwornika do pontonu. Teraz mo\u017cesz skupi\u0107 si\u0119 na odkrywaniu ukrytych struktur dna, lokalizowaniu po\u0142ow\u00f3w i odkrywaniu najlepszych miejsc na w\u0119dkowanie. Osi\u0105gnij w\u0119dkarskie mistrzostwo z naszym niezawodnym i wszechstronnym mocowaniem.<\/p>\n\n\n\n<p><\/p>\n\n\n\n<p><strong>W komplecie:<\/strong><\/p>\n\n\n\n<ul class=\"wp-block-list\">\n<li>baza mocowania na burcie pontonu<\/li>\n\n\n\n<li>pokr\u0119t\u0142o zaciskowe pozycji<\/li>\n\n\n\n<li>blok mocowania przetwornika (pasuje pod Garmin oraz inne)<\/li>\n\n\n\n<li>pas mocuj\u0105cy 35mm<\/li>\n\n\n\n<li>zestaw \u015brub nierdzewnych<\/li>\n<\/ul>\n\n\n\n<p><strong>Uwaga:<\/strong>&nbsp;widoczny na zdj\u0119ciach ponton oraz jego elementy wyposa\u017cenia (tj., silnik, uchwyty w\u0119dek itp.), jak r\u00f3wnie\u017c przetwornik echosondy, s\u0142u\u017c\u0105 wy\u0142\u0105cznie prezentacji produktu i nie wchodz\u0105 w sk\u0142ad zestawu.<\/p>\n","protected":false},"excerpt":{"rendered":"<p>Op\u0142ywowy uchwyt mocowania przetwornika echosondy, dedykowany do ponton\u00f3w. Nasz uchwyt do przetwornika echosondy zosta\u0142 zaprojektowany, aby sprosta\u0107 wymaganiom tych, kt\u00f3rzy potrzebuj\u0105 niezawodnego i stabilnego mocowania podczas swoich wypraw. Specyfikacja: Minimalizacja &#8230;<\/p>\n","protected":false},"author":1,"featured_media":0,"parent":0,"menu_order":0,"comment_status":"closed","ping_status":"closed","template":"","meta":{"footnotes":""},"class_list":["post-177","page","type-page","status-publish","hentry"],"_links":{"self":[{"href":"https:\/\/www.balloo-mount.com\/index.php\/wp-json\/wp\/v2\/pages\/177","targetHints":{"allow":["GET"]}}],"collection":[{"href":"https:\/\/www.balloo-mount.com\/index.php\/wp-json\/wp\/v2\/pages"}],"about":[{"href":"https:\/\/www.balloo-mount.com\/index.php\/wp-json\/wp\/v2\/types\/page"}],"author":[{"embeddable":true,"href":"https:\/\/www.balloo-mount.com\/index.php\/wp-json\/wp\/v2\/users\/1"}],"replies":[{"embeddable":true,"href":"https:\/\/www.balloo-mount.com\/index.php\/wp-json\/wp\/v2\/comments?post=177"}],"version-history":[{"count":9,"href":"https:\/\/www.balloo-mount.com\/index.php\/wp-json\/wp\/v2\/pages\/177\/revisions"}],"predecessor-version":[{"id":241,"href":"https:\/\/www.balloo-mount.com\/index.php\/wp-json\/wp\/v2\/pages\/177\/revisions\/241"}],"wp:attachment":[{"href":"https:\/\/www.balloo-mount.com\/index.php\/wp-json\/wp\/v2\/media?parent=177"}],"curies":[{"name":"wp","href":"https:\/\/api.w.org\/{rel}","templated":true}]}}