{"id":135,"date":"2023-07-10T19:39:46","date_gmt":"2023-07-10T19:39:46","guid":{"rendered":"https:\/\/www.balloo-mount.com\/?page_id=135"},"modified":"2023-07-10T19:52:52","modified_gmt":"2023-07-10T19:52:52","slug":"dystrybutorzy","status":"publish","type":"page","link":"https:\/\/www.balloo-mount.com\/index.php\/dystrybutorzy\/","title":{"rendered":"DYSTRYBUTORZY"},"content":{"rendered":"\n<h2 class=\"wp-block-heading\">Dystrybutorzy:<\/h2>\n\n\n\n<p><\/p>\n\n\n\n<ul class=\"wp-block-list\">\n<li><strong>Kivela Outdoor<\/strong><br><a href=\"https:\/\/www.kivelaoutdoor.com\/\">https:\/\/www.kivelaoutdoor.com\/<\/a><br><a href=\"mailto:myynti@kivelaoutdoor.com\">myynti@kivelaoutdoor.com<\/a><br>Ruuhiranta 7, 96800 Rovaniemi FINLAND<\/li>\n<\/ul>\n\n\n\n<h2 class=\"wp-block-heading\"> <\/h2>\n\n\n\n<ul class=\"wp-block-list\">\n<li>Jeste\u015bmy otwarci na nowych dystrybutor\u00f3w w Europie. Chcesz do\u0142\u0105czy\u0107? Skontaktuj si\u0119 z nami!<\/li>\n<\/ul>\n","protected":false},"excerpt":{"rendered":"<p>Dystrybutorzy:<\/p>\n","protected":false},"author":1,"featured_media":0,"parent":0,"menu_order":0,"comment_status":"closed","ping_status":"closed","template":"","meta":{"footnotes":""},"class_list":["post-135","page","type-page","status-publish","hentry"],"_links":{"self":[{"href":"https:\/\/www.balloo-mount.com\/index.php\/wp-json\/wp\/v2\/pages\/135","targetHints":{"allow":["GET"]}}],"collection":[{"href":"https:\/\/www.balloo-mount.com\/index.php\/wp-json\/wp\/v2\/pages"}],"about":[{"href":"https:\/\/www.balloo-mount.com\/index.php\/wp-json\/wp\/v2\/types\/page"}],"author":[{"embeddable":true,"href":"https:\/\/www.balloo-mount.com\/index.php\/wp-json\/wp\/v2\/users\/1"}],"replies":[{"embeddable":true,"href":"https:\/\/www.balloo-mount.com\/index.php\/wp-json\/wp\/v2\/comments?post=135"}],"version-history":[{"count":2,"href":"https:\/\/www.balloo-mount.com\/index.php\/wp-json\/wp\/v2\/pages\/135\/revisions"}],"predecessor-version":[{"id":154,"href":"https:\/\/www.balloo-mount.com\/index.php\/wp-json\/wp\/v2\/pages\/135\/revisions\/154"}],"wp:attachment":[{"href":"https:\/\/www.balloo-mount.com\/index.php\/wp-json\/wp\/v2\/media?parent=135"}],"curies":[{"name":"wp","href":"https:\/\/api.w.org\/{rel}","templated":true}]}}